{"id":2524,"date":"2023-01-14T17:28:56","date_gmt":"2023-01-14T17:28:56","guid":{"rendered":"https:\/\/validthemes.net\/themeforest\/wp\/consua\/?page_id=8"},"modified":"2025-03-21T14:52:17","modified_gmt":"2025-03-21T14:52:17","slug":"consulting-business","status":"publish","type":"page","link":"https:\/\/3egroup.tr\/","title":{"rendered":"Consulting Business"},"content":{"rendered":"\t\t<div data-elementor-type=\"wp-page\" data-elementor-id=\"2524\" class=\"elementor elementor-2524\">\n\t\t\t\t\t\t<section class=\"elementor-section elementor-top-section elementor-element elementor-element-58d36e2 elementor-section-full_width elementor-section-height-default elementor-section-height-default\" data-id=\"58d36e2\" data-element_type=\"section\" data-e-type=\"section\">\n\t\t\t\t\t\t<div class=\"elementor-container elementor-column-gap-no\">\n\t\t\t\t\t<div class=\"elementor-column elementor-col-100 elementor-top-column elementor-element elementor-element-9cb9e59\" data-id=\"9cb9e59\" data-element_type=\"column\" data-e-type=\"column\">\n\t\t\t<div class=\"elementor-widget-wrap elementor-element-populated\">\n\t\t\t\t\t\t<div class=\"elementor-element elementor-element-16d7685 elementor-widget elementor-widget-consua_banner\" data-id=\"16d7685\" data-element_type=\"widget\" data-e-type=\"widget\" data-widget_type=\"consua_banner.default\">\n\t\t\t\t<div class=\"elementor-widget-container\">\n\t\t\t\t\t\r\n\t    <!-- Start Banner Area One\r\n\t    ============================================= -->\r\n\t    <div class=\"banner-area banner-style-one shadow navigation-custom-large zoom-effect overflow-hidden text-light\">\r\n\t        <!-- Slider main container -->\r\n\t        <div class=\"banner-fade\">\r\n\t            <!-- Additional required wrapper -->\r\n\t            <div class=\"swiper-wrapper\">\r\n\r\n\t            \t\t\t                <!-- Single Item -->\r\n\t\t                <div class=\"swiper-slide banner-style-one\">\r\n\t\t                    <div class=\"banner-thumb bg-cover shadow dark\" style=\"background: url(https:\/\/3egroup.tr\/wp-content\/uploads\/2025\/03\/meeting2-1-scaled.jpg);\"><\/div>\r\n\t\t                    <div class=\"container\">\r\n\t\t                        <div class=\"row align-center\">\r\n\t\t                            <div class=\"col-xl-7 offset-lg-5\">\r\n\t\t                                <div class=\"content\">\r\n\t\t                                    <h4>G\u00dc\u00c7L\u00dc ORTAKLIK\n<\/h4>\r\n\t\t                                    <h2>Dan\u0131\u015fmanl\u0131k, teknoloji, lojistik ve \u00fcretim alanlar\u0131nda i\u015finizi gelece\u011fe ta\u015f\u0131yoruz.<\/h2>\r\n\t\t                                    \t\t\t                                    <div class=\"button mt-40\">\r\n\t\t\t                                        <a class=\"btn-animation\" href=\"https:\/\/3egroup.tr\/\"><i class=\"fas fa-arrow-right\"><\/i> <span>Grup \u015eirketlerimiz<\/span><\/a>\r\n\t\t\t                                    <\/div>\r\n\t\t                                    \t\t                                <\/div>\r\n\t\t                            <\/div>\r\n\t\t                        <\/div>\r\n\t\t                    <\/div>\r\n\t\t                    \t\t\t                    <!-- Shape -->\r\n\t\t\t                    <div class=\"banner-shape-bg\">\r\n\t\t\t                        <img decoding=\"async\" src=\"https:\/\/validthemes.net\/themeforest\/wp\/consua\/wp-content\/uploads\/2023\/06\/4.png\" alt=\"3E GROUP\">\r\n\t\t\t                    <\/div>\r\n\t\t\t                    <!-- End Shape -->\r\n\t\t\t                \t\t                <\/div>\r\n\t\t                <!-- End Single Item -->\r\n\t                \t\t                <!-- Single Item -->\r\n\t\t                <div class=\"swiper-slide banner-style-one\">\r\n\t\t                    <div class=\"banner-thumb bg-cover shadow dark\" style=\"background: url(https:\/\/3egroup.tr\/wp-content\/uploads\/2025\/03\/meeting1-1-scaled.jpg);\"><\/div>\r\n\t\t                    <div class=\"container\">\r\n\t\t                        <div class=\"row align-center\">\r\n\t\t                            <div class=\"col-xl-7 offset-lg-5\">\r\n\t\t                                <div class=\"content\">\r\n\t\t                                    <h4>K\u00fcresel Vizyon<\/h4>\r\n\t\t                                    <h2>3E Group, sekt\u00f6rlere \u00f6zel inovatif stratejiler sunar.<\/h2>\r\n\t\t                                    \t\t\t                                    <div class=\"button mt-40\">\r\n\t\t\t                                        <a class=\"btn-animation\" href=\"https:\/\/3egroup.tr\/\"><i class=\"fas fa-arrow-right\"><\/i> <span>Grup \u015eirketlerimiz<\/span><\/a>\r\n\t\t\t                                    <\/div>\r\n\t\t                                    \t\t                                <\/div>\r\n\t\t                            <\/div>\r\n\t\t                        <\/div>\r\n\t\t                    <\/div>\r\n\t\t                    \t\t\t                    <!-- Shape -->\r\n\t\t\t                    <div class=\"banner-shape-bg\">\r\n\t\t\t                        <img decoding=\"async\" src=\"https:\/\/validthemes.net\/themeforest\/wp\/consua\/wp-content\/uploads\/2023\/06\/4.png\" alt=\"3E GROUP\">\r\n\t\t\t                    <\/div>\r\n\t\t\t                    <!-- End Shape -->\r\n\t\t\t                \t\t                <\/div>\r\n\t\t                <!-- End Single Item -->\r\n\t                \t            <\/div>\r\n\t\t\t\t\t\t            <!-- Pagination -->\r\n\t\t            <div class=\"swiper-pagination\"><\/div>\r\n\t\t\t\t\t        <\/div>  \r\n\t    <\/div>\r\n\t    <!-- End Banner Area One -->\t\r\n\t\t\t\r\n\t\t\t\t\t\t<\/div>\n\t\t\t\t<\/div>\n\t\t\t\t\t<\/div>\n\t\t<\/div>\n\t\t\t\t\t<\/div>\n\t\t<\/section>\n\t\t\t\t<\/div>\n\t\t","protected":false},"excerpt":{"rendered":"<p>G\u00dc\u00c7L\u00dc ORTAKLIK Dan\u0131\u015fmanl\u0131k, teknoloji, lojistik ve \u00fcretim alanlar\u0131nda i\u015finizi gelece\u011fe ta\u015f\u0131yoruz. Grup \u015eirketlerimiz K\u00fcresel Vizyon 3E Group, sekt\u00f6rlere \u00f6zel inovatif stratejiler sunar. Grup \u015eirketlerimiz<\/p>\n","protected":false},"author":1,"featured_media":0,"parent":0,"menu_order":0,"comment_status":"closed","ping_status":"closed","template":"elementor_header_footer","meta":{"footnotes":""},"class_list":["post-2524","page","type-page","status-publish","hentry"],"_links":{"self":[{"href":"https:\/\/3egroup.tr\/index.php\/wp-json\/wp\/v2\/pages\/2524","targetHints":{"allow":["GET"]}}],"collection":[{"href":"https:\/\/3egroup.tr\/index.php\/wp-json\/wp\/v2\/pages"}],"about":[{"href":"https:\/\/3egroup.tr\/index.php\/wp-json\/wp\/v2\/types\/page"}],"author":[{"embeddable":true,"href":"https:\/\/3egroup.tr\/index.php\/wp-json\/wp\/v2\/users\/1"}],"replies":[{"embeddable":true,"href":"https:\/\/3egroup.tr\/index.php\/wp-json\/wp\/v2\/comments?post=2524"}],"version-history":[{"count":13,"href":"https:\/\/3egroup.tr\/index.php\/wp-json\/wp\/v2\/pages\/2524\/revisions"}],"predecessor-version":[{"id":2618,"href":"https:\/\/3egroup.tr\/index.php\/wp-json\/wp\/v2\/pages\/2524\/revisions\/2618"}],"wp:attachment":[{"href":"https:\/\/3egroup.tr\/index.php\/wp-json\/wp\/v2\/media?parent=2524"}],"curies":[{"name":"wp","href":"https:\/\/api.w.org\/{rel}","templated":true}]}}